{"id":3713,"date":"2018-03-19T00:14:09","date_gmt":"2018-03-19T00:14:09","guid":{"rendered":"http:\/\/pav-les.com\/?page_id=3713"},"modified":"2018-04-25T10:06:33","modified_gmt":"2018-04-25T10:06:33","slug":"o-nama","status":"publish","type":"page","link":"https:\/\/pav-les.com\/it\/o-nama\/","title":{"rendered":"Chi siamo?"},"content":{"rendered":"<p>L\u2019azienda Pav-Les S.r.l. \u00e8 stata fondata nel 2018 con un obiettivo chiaro, ossia di collocare sul mercato sevizi e prodotti completi basati sul legno. La nostra sede si trova in Slovenia nella localit\u00e0 di Kozina, incrocio importante a livello nazionale e internazionale. <\/p>\n<p><img loading=\"lazy\" decoding=\"async\" class=\"alignnone size-full wp-image-3797\" src=\"http:\/\/pav-les.com\/wp-content\/uploads\/2018\/04\/onama.jpg\" alt=\"\" width=\"749\" height=\"494\" srcset=\"https:\/\/pav-les.com\/wp-content\/uploads\/2018\/04\/onama.jpg 749w, https:\/\/pav-les.com\/wp-content\/uploads\/2018\/04\/onama-300x198.jpg 300w\" sizes=\"(max-width: 749px) 100vw, 749px\" \/><\/p>\n<p>L\u2019attivit\u00e0 principale dell\u2019azienda \u00e8 la produzione, la vendita e l\u2019acquisto dei pallet. Sviluppando il team professionale e nuove idee abbiamo aggiunto ai servizi che offriamo anche la manutenzione e il noleggio dei pallet ottenendo un\u2019integrit\u00e0 nei servizi che vi possiamo offrire. <\/p>\n<p><img loading=\"lazy\" decoding=\"async\" class=\"alignnone wp-image-3710 size-full\" src=\"http:\/\/pav-les.com\/wp-content\/uploads\/2018\/03\/grupna2.jpg\" alt=\"\" width=\"630\" height=\"322\" srcset=\"https:\/\/pav-les.com\/wp-content\/uploads\/2018\/03\/grupna2.jpg 630w, https:\/\/pav-les.com\/wp-content\/uploads\/2018\/03\/grupna2-300x153.jpg 300w\" sizes=\"(max-width: 630px) 100vw, 630px\" \/><\/p>\n<p>La tecnologia moderna e l\u2019esperienza sono i nostri riferimenti pi\u00f9 importanti. Troviamo soluzioni per ogni vostra idea, richiesta e necessit\u00e0 e alla fine \u00e8 questo che ci differenzia dalle altre aziende. <\/p>\n<p>Pav-Les S.r.l. ha a disposizione veicoli moderni con diversi mezzi di trasporto adeguati al trasporto degli imballaggi in legno. La nostra consegna pu\u00f2 essere eseguita entro 24 ore. <\/p>\n<p>Pav-Les S.r.l. offre garanzie sulla consegna e sulla qualit\u00e0 dei pallet e dei prodotti del nostro repertorio. <\/p>\n<p>&nbsp;<\/p>","protected":false},"excerpt":{"rendered":"<p>L\u2019azienda Pav-Les S.r.l. \u00e8 stata fondata nel 2018 con un obiettivo chiaro, ossia di collocare sul mercato sevizi e prodotti completi basati sul legno. La nostra sede si trova in Slovenia nella localit\u00e0 di Kozina, incrocio importante a livello nazionale e internazionale. L\u2019attivit\u00e0 principale dell\u2019azienda \u00e8 la produzione, la vendita e l\u2019acquisto dei pallet. Sviluppando<\/p>\n<div><a class=\"btn-filled btn\" href=\"https:\/\/pav-les.com\/it\/o-nama\/\" title=\"Chi siamo?\">Leggi tutto<\/a><\/div>\n","protected":false},"author":3,"featured_media":0,"parent":0,"menu_order":0,"comment_status":"closed","ping_status":"closed","template":"page-templates\/sidebar-right.php","meta":{"footnotes":""},"_links":{"self":[{"href":"https:\/\/pav-les.com\/it\/wp-json\/wp\/v2\/pages\/3713"}],"collection":[{"href":"https:\/\/pav-les.com\/it\/wp-json\/wp\/v2\/pages"}],"about":[{"href":"https:\/\/pav-les.com\/it\/wp-json\/wp\/v2\/types\/page"}],"author":[{"embeddable":true,"href":"https:\/\/pav-les.com\/it\/wp-json\/wp\/v2\/users\/3"}],"replies":[{"embeddable":true,"href":"https:\/\/pav-les.com\/it\/wp-json\/wp\/v2\/comments?post=3713"}],"version-history":[{"count":5,"href":"https:\/\/pav-les.com\/it\/wp-json\/wp\/v2\/pages\/3713\/revisions"}],"predecessor-version":[{"id":3876,"href":"https:\/\/pav-les.com\/it\/wp-json\/wp\/v2\/pages\/3713\/revisions\/3876"}],"wp:attachment":[{"href":"https:\/\/pav-les.com\/it\/wp-json\/wp\/v2\/media?parent=3713"}],"curies":[{"name":"wp","href":"https:\/\/api.w.org\/{rel}","templated":true}]}}