{"id":3752,"date":"2018-03-21T14:15:30","date_gmt":"2018-03-21T14:15:30","guid":{"rendered":"http:\/\/pav-les.com\/?page_id=3752"},"modified":"2018-04-22T20:12:23","modified_gmt":"2018-04-22T20:12:23","slug":"otkup-prodaja-servis-i-rentiranje-paleta","status":"publish","type":"page","link":"https:\/\/pav-les.com\/it\/otkup-prodaja-servis-i-rentiranje-paleta\/","title":{"rendered":"Acquisto, vendita, manutenzione e noleggio dei pallet"},"content":{"rendered":"<p>Pav-Les offre una vasta gamma di servizi legati alle dimensioni dei pallet, pallet particolari o universali o pallet su richieste specifiche degli acquirenti. Gi\u00e0 dalla fondazione dell\u2019azienda manteniamo la tradizione di standard severi per la qualit\u00e0 dei prodotti che proponiamo ed \u00e8 nostra intenzione allargare l\u2019offerta. <\/p>\n<p>Oltre alla produzione dei pallet, che \u00e8 la nostra attivit\u00e0 principale, offriamo anche la manutenzione dei pallet usati, la vendita e l\u2019acquisto dei nuovi nonch\u00e9 il noleggio del prodotto base. Ogni acquirente ha le proprie richieste individuali, il nostro obiettivo invece \u00e8 soddisfare le vostre esigenze, ed \u00e8 per questo motivo che vogliamo presentarvi i nostri servizi: <\/p>\n<p><strong>Acquisto e vendita dei pallet<\/strong><\/p>\n<p>Nei giorni nostri non \u00e8 possibile immaginare la produzione e il trasporto della merce senza pallet, visto che proprio i pallet permettono il trasporto della merce da citt\u00e0 in citt\u00e0. Le superfici in legno hanno soppresso lo spostamento manuale della merce sostituendolo con il carrello sollevatore in strutture uniformi con pi\u00f9 prodotti imballati sistemati in ordine sui pallet. <\/p>\n<p><img loading=\"lazy\" decoding=\"async\" class=\"alignnone size-full wp-image-3807\" src=\"http:\/\/pav-les.com\/wp-content\/uploads\/2018\/04\/euro-2.png\" alt=\"\" width=\"300\" height=\"497\" srcset=\"https:\/\/pav-les.com\/wp-content\/uploads\/2018\/04\/euro-2.png 300w, https:\/\/pav-les.com\/wp-content\/uploads\/2018\/04\/euro-2-181x300.png 181w\" sizes=\"(max-width: 300px) 100vw, 300px\" \/><img loading=\"lazy\" decoding=\"async\" class=\"size-full wp-image-3810 alignright\" src=\"http:\/\/pav-les.com\/wp-content\/uploads\/2018\/04\/euro-3.png\" alt=\"\" width=\"300\" height=\"497\" srcset=\"https:\/\/pav-les.com\/wp-content\/uploads\/2018\/04\/euro-3.png 300w, https:\/\/pav-les.com\/wp-content\/uploads\/2018\/04\/euro-3-181x300.png 181w\" sizes=\"(max-width: 300px) 100vw, 300px\" \/><\/p>\n<p>A prezzi vantaggiosi Pav-Les acquista e vende pallet di tutte dimensioni e tipi per esigenze diverse. Basta contattarci e richiedere le nostre offerte compilando semplicemente il modulo accessibile sulla  nostra pagina internet. Vi arriver\u00e0 una risposta il pi\u00f9 presto possibile. <\/p>\n<div class=\"clearfix\"><\/div>\n<div class=\"clearfix\">\n<p>&nbsp;<\/p>\n<hr \/>\n<p><strong>Manutenzione dei pallet<\/strong><\/p>\n<\/div>\n<p>Se non volete acquistare dei pallet nuovi o avete bisogno di riparare i pallet gi\u00e0 in uso, danneggiati durante il trasporto, abbiamo soluzioni giuste per voi. <\/p>\n<p>Oltre l\u2019acquisto e la vendita dei pallet offriamo anche la manutenzione e la riparazione dei pallet allungando il tempo del loro utilizzo, agevolando il vostro lavoro e cosa pi\u00f9 importante: risparmiando. <\/p>\n<p><strong>Prima:<\/strong><\/p>\n<p><img loading=\"lazy\" decoding=\"async\" class=\"alignnone size-full wp-image-3823\" src=\"http:\/\/pav-les.com\/wp-content\/uploads\/2018\/04\/ostecene-palete.jpg\" alt=\"\" width=\"450\" height=\"269\" srcset=\"https:\/\/pav-les.com\/wp-content\/uploads\/2018\/04\/ostecene-palete.jpg 450w, https:\/\/pav-les.com\/wp-content\/uploads\/2018\/04\/ostecene-palete-300x179.jpg 300w\" sizes=\"(max-width: 450px) 100vw, 450px\" \/><\/p>\n<p><strong>Dopo:<\/strong><\/p>\n<p><img loading=\"lazy\" decoding=\"async\" class=\"size-full wp-image-3824 alignnone\" src=\"http:\/\/pav-les.com\/wp-content\/uploads\/2018\/04\/reparirane-servisirane-palete.jpg\" alt=\"\" width=\"450\" height=\"303\" srcset=\"https:\/\/pav-les.com\/wp-content\/uploads\/2018\/04\/reparirane-servisirane-palete.jpg 450w, https:\/\/pav-les.com\/wp-content\/uploads\/2018\/04\/reparirane-servisirane-palete-300x202.jpg 300w\" sizes=\"(max-width: 450px) 100vw, 450px\" \/><\/p>\n<p>&nbsp;<\/p>\n<hr \/>\n<p><strong>Noleggio dei pallet<\/strong><\/p>\n<p>Per offrire una gamma di servizi pi\u00f9 completa possibile, abbiamo deciso di proporre anche il noleggio dei pallet per periodi brevi o prestabiliti. L\u2019intenzione \u00e8 la facilitazione dell\u2019immagazzinamento dei pallet. <\/p>\n<p><img loading=\"lazy\" decoding=\"async\" class=\"alignnone wp-image-3717\" src=\"http:\/\/pav-les.com\/wp-content\/uploads\/2018\/03\/grupna3-300x168.jpg\" alt=\"\" width=\"362\" height=\"203\" srcset=\"https:\/\/pav-les.com\/wp-content\/uploads\/2018\/03\/grupna3-300x168.jpg 300w, https:\/\/pav-les.com\/wp-content\/uploads\/2018\/03\/grupna3.jpg 448w\" sizes=\"(max-width: 362px) 100vw, 362px\" \/><\/p>","protected":false},"excerpt":{"rendered":"<p>Pav-Les offre una vasta gamma di servizi legati alle dimensioni dei pallet, pallet particolari o universali o pallet su richieste specifiche degli acquirenti. Gi\u00e0 dalla fondazione dell\u2019azienda manteniamo la tradizione di standard severi per la qualit\u00e0 dei prodotti che proponiamo ed \u00e8 nostra intenzione allargare l\u2019offerta. Oltre alla produzione dei pallet, che \u00e8 la nostra<\/p>\n<div><a class=\"btn-filled btn\" href=\"https:\/\/pav-les.com\/it\/otkup-prodaja-servis-i-rentiranje-paleta\/\" title=\"Acquisto, vendita, manutenzione e noleggio dei pallet\">Leggi tutto<\/a><\/div>\n","protected":false},"author":3,"featured_media":0,"parent":0,"menu_order":0,"comment_status":"closed","ping_status":"closed","template":"page-templates\/sidebar-right.php","meta":{"footnotes":""},"_links":{"self":[{"href":"https:\/\/pav-les.com\/it\/wp-json\/wp\/v2\/pages\/3752"}],"collection":[{"href":"https:\/\/pav-les.com\/it\/wp-json\/wp\/v2\/pages"}],"about":[{"href":"https:\/\/pav-les.com\/it\/wp-json\/wp\/v2\/types\/page"}],"author":[{"embeddable":true,"href":"https:\/\/pav-les.com\/it\/wp-json\/wp\/v2\/users\/3"}],"replies":[{"embeddable":true,"href":"https:\/\/pav-les.com\/it\/wp-json\/wp\/v2\/comments?post=3752"}],"version-history":[{"count":5,"href":"https:\/\/pav-les.com\/it\/wp-json\/wp\/v2\/pages\/3752\/revisions"}],"predecessor-version":[{"id":3872,"href":"https:\/\/pav-les.com\/it\/wp-json\/wp\/v2\/pages\/3752\/revisions\/3872"}],"wp:attachment":[{"href":"https:\/\/pav-les.com\/it\/wp-json\/wp\/v2\/media?parent=3752"}],"curies":[{"name":"wp","href":"https:\/\/api.w.org\/{rel}","templated":true}]}}